{"id":214,"date":"2017-07-22T14:42:25","date_gmt":"2017-07-22T17:42:25","guid":{"rendered":"https:\/\/carolgalindo.com.br\/site\/?page_id=214"},"modified":"2017-07-22T15:03:24","modified_gmt":"2017-07-22T18:03:24","slug":"chef-em-casa","status":"publish","type":"page","link":"https:\/\/carolgalindo.com.br\/site\/chef-em-casa\/","title":{"rendered":"Chef em Casa"},"content":{"rendered":"<p>Imagine receber seus amigos em casa com uma refei\u00e7\u00e3o fant\u00e1stica, preparada com muito sabor e qualidade pela Chef Carol Galindo. Com um servi\u00e7o que inclui a escolha dos ingredientes, o preparo do card\u00e1pio e o atendimento aos convidados.<\/p>\n<p>Agora imagine que essa experi\u00eancia fant\u00e1stica pode ser tamb\u00e9m uma aula em que a chef lhe ensinar\u00e1 as t\u00e9cnicas utilizadas por ela, aprendidas em seus estudos e experi\u00eancias.<\/p>\n<p>Pois \u00e9, essa \u00e9 a proposta do nosso servi\u00e7o Chef em Casa: A chef Carol Galindo vai at\u00e9 sua casa preparar uma aula refei\u00e7\u00e3o inesquec\u00edvel para at\u00e9 10 pessoas.<\/p>\n<div class=\"calltoaction\">\n<h3>Solicite um or\u00e7amento agora\u00a0mesmo e tenha uma recep\u00e7\u00e3o memor\u00e1vel para voc\u00ea e seus convidados!<\/h3>\n<p><a class=\"but but-ok but-large\" href=\"https:\/\/carolgalindo.com.br\/site\/orcamento\/\">Solicitar or\u00e7amento<\/a><\/p>\n<\/div>\n","protected":false},"excerpt":{"rendered":"<p>Imagine receber seus amigos em casa com uma refei\u00e7\u00e3o fant\u00e1stica, preparada com muito sabor e qualidade pela Chef Carol Galindo. Com um servi\u00e7o que inclui a escolha dos ingredientes, o preparo do card\u00e1pio e o atendimento aos convidados. Agora imagine que essa experi\u00eancia fant\u00e1stica pode ser tamb\u00e9m uma aula em que a chef lhe ensinar\u00e1 [&hellip;]<\/p>\n","protected":false},"author":3,"featured_media":0,"parent":0,"menu_order":0,"comment_status":"closed","ping_status":"closed","template":"","meta":{"footnotes":""},"class_list":["post-214","page","type-page","status-publish","hentry"],"_links":{"self":[{"href":"https:\/\/carolgalindo.com.br\/site\/wp-json\/wp\/v2\/pages\/214","targetHints":{"allow":["GET"]}}],"collection":[{"href":"https:\/\/carolgalindo.com.br\/site\/wp-json\/wp\/v2\/pages"}],"about":[{"href":"https:\/\/carolgalindo.com.br\/site\/wp-json\/wp\/v2\/types\/page"}],"author":[{"embeddable":true,"href":"https:\/\/carolgalindo.com.br\/site\/wp-json\/wp\/v2\/users\/3"}],"replies":[{"embeddable":true,"href":"https:\/\/carolgalindo.com.br\/site\/wp-json\/wp\/v2\/comments?post=214"}],"version-history":[{"count":3,"href":"https:\/\/carolgalindo.com.br\/site\/wp-json\/wp\/v2\/pages\/214\/revisions"}],"predecessor-version":[{"id":223,"href":"https:\/\/carolgalindo.com.br\/site\/wp-json\/wp\/v2\/pages\/214\/revisions\/223"}],"wp:attachment":[{"href":"https:\/\/carolgalindo.com.br\/site\/wp-json\/wp\/v2\/media?parent=214"}],"curies":[{"name":"wp","href":"https:\/\/api.w.org\/{rel}","templated":true}]}}