{"id":24,"date":"2017-06-23T21:57:19","date_gmt":"2017-06-24T00:57:19","guid":{"rendered":"https:\/\/carolgalindo.com.br\/site\/?page_id=24"},"modified":"2021-09-17T01:47:58","modified_gmt":"2021-09-17T04:47:58","slug":"historia","status":"publish","type":"page","link":"https:\/\/carolgalindo.com.br\/site\/a-chef\/historia\/","title":{"rendered":"Hist\u00f3ria"},"content":{"rendered":"<div class=\"faixaimagens\">[metaslider id=181]<\/div>\n<div class=\"container\">\n<div class=\"row about_title\">\n<h2 class=\"handwrite\" align=\"center\">Quem \u00e9\u00a0<strong>Chef Carol Galindo?<\/strong><\/h2>\n<div class=\"col-md-4 text-center wow fadeInLeft animated\">\n<div id=\"attachment_170\" style=\"width: 246px\" class=\"wp-caption alignnone\"><img loading=\"lazy\" decoding=\"async\" aria-describedby=\"caption-attachment-170\" class=\"wp-image-170 size-medium\" src=\"https:\/\/carolgalindo.com.br\/site\/wp-content\/uploads\/2017\/06\/ChefeCarolGalindo-236x300.jpeg\" alt=\"Chef Carol Galindo\" width=\"236\" height=\"300\" srcset=\"https:\/\/carolgalindo.com.br\/site\/wp-content\/uploads\/2017\/06\/ChefeCarolGalindo-236x300.jpeg 236w, https:\/\/carolgalindo.com.br\/site\/wp-content\/uploads\/2017\/06\/ChefeCarolGalindo.jpeg 534w\" sizes=\"auto, (max-width: 236px) 100vw, 236px\" \/><p id=\"caption-attachment-170\" class=\"wp-caption-text\">Foto: Glaucia Paulino<\/p><\/div>\n<\/div>\n<div class=\"col-md-8 text-justify wow fadeInRight animated\">\n<p>Ana Carolina Galindo, a Chef Carol Galindo, nasceu em S\u00e3o Paulo. Mas tem sangue nordestino. Filha de um casal de pernambucanos, trouxe da terra do frevo o tempero e os sabores que a\u00a0acompanham na vida.<\/p>\n<blockquote>\n<div>&#8220;Neta, filha e sobrinha de pernambucanos\u00a0eu sempre apreciei os sabores fortes, t\u00edpicos\u00a0do Nordeste. Cresci comendo caldo de mocot\u00f3, arrumadinho,\u00a0sarapatel, vaca atolada e outros pratos\u00a0que, no fundo, s\u00e3o o resumo da minha personalidade\u00a0e meu amor pela gastronomia. Isso sempre foi o que eu quis trabalhar: o jeito brasileiro\u00a0de ser.&#8221; Ressalta\u00a0a Chef<\/div>\n<\/blockquote>\n<p>Carol Galindo \u00e9 casada com Julio. \u00c9 m\u00e3e do Igor e da Cec\u00edlia. \u00c9 formada em Gastronomia pela Faculdade HOTEC. Estuda p\u00f3s gradua\u00e7\u00e3o no SENAC e tem diversos cursos de especializa\u00e7\u00e3o na \u00e1rea.<\/p>\n<p>Carol trabalhou com nomes importantes da gastronomia em S\u00e3o Paulo, no Brasil e no Mundo. Trabalhou em Buffet&#8217;s como o Capim Santo, Cec\u00edlia Castro Cunha, Fraternit\u00e9 e Viko Tangoda entre outros; e ainda em Restaurantes como o D.O.M do renomado internacionalmente Alex Atala.<\/p>\n<p>Carol tamb\u00e9m j\u00e1 teve seu pr\u00f3prio restaurante que levava seu nome, o &#8220;<em>Carol Galindo Cozinha Brasileira<\/em>&#8220;.<\/p>\n<p>Hoje a Chef ministra aulas nas melhores escolas de gastronomia e culin\u00e1ria da Regi\u00e3o (SENAC, IGA, IM, etc), e divide o tempo que tem entre a cozinha, as consultorias e a empresa de eventos gastron\u00f4micos que \u00e9 propriet\u00e1ria.<\/p>\n<p>A Chef Carol Galindo, \u00e9 atualmente uma das banqueteiras mais solicitadas do Alto Tiet\u00ea e faz quest\u00e3o de cuidar pessoalmente de cada detalhe, do come\u00e7o ao fim de cada evento que faz.<\/p>\n<\/div>\n<\/div>\n<\/div>\n","protected":false},"excerpt":{"rendered":"<p>[metaslider id=181] Quem \u00e9\u00a0Chef Carol Galindo? Ana Carolina Galindo, a Chef Carol Galindo, nasceu em S\u00e3o Paulo. Mas tem sangue nordestino. Filha de um casal de pernambucanos, trouxe da terra do frevo o tempero e os sabores que a\u00a0acompanham na vida. &#8220;Neta, filha e sobrinha de pernambucanos\u00a0eu sempre apreciei os sabores fortes, t\u00edpicos\u00a0do Nordeste. Cresci [&hellip;]<\/p>\n","protected":false},"author":3,"featured_media":0,"parent":22,"menu_order":0,"comment_status":"closed","ping_status":"closed","template":"","meta":{"footnotes":""},"class_list":["post-24","page","type-page","status-publish","hentry"],"_links":{"self":[{"href":"https:\/\/carolgalindo.com.br\/site\/wp-json\/wp\/v2\/pages\/24","targetHints":{"allow":["GET"]}}],"collection":[{"href":"https:\/\/carolgalindo.com.br\/site\/wp-json\/wp\/v2\/pages"}],"about":[{"href":"https:\/\/carolgalindo.com.br\/site\/wp-json\/wp\/v2\/types\/page"}],"author":[{"embeddable":true,"href":"https:\/\/carolgalindo.com.br\/site\/wp-json\/wp\/v2\/users\/3"}],"replies":[{"embeddable":true,"href":"https:\/\/carolgalindo.com.br\/site\/wp-json\/wp\/v2\/comments?post=24"}],"version-history":[{"count":10,"href":"https:\/\/carolgalindo.com.br\/site\/wp-json\/wp\/v2\/pages\/24\/revisions"}],"predecessor-version":[{"id":369,"href":"https:\/\/carolgalindo.com.br\/site\/wp-json\/wp\/v2\/pages\/24\/revisions\/369"}],"up":[{"embeddable":true,"href":"https:\/\/carolgalindo.com.br\/site\/wp-json\/wp\/v2\/pages\/22"}],"wp:attachment":[{"href":"https:\/\/carolgalindo.com.br\/site\/wp-json\/wp\/v2\/media?parent=24"}],"curies":[{"name":"wp","href":"https:\/\/api.w.org\/{rel}","templated":true}]}}