{"id":327,"date":"2019-05-24T11:36:07","date_gmt":"2019-05-24T14:36:07","guid":{"rendered":"https:\/\/carolgalindo.com.br\/site\/?page_id=327"},"modified":"2019-05-24T12:04:20","modified_gmt":"2019-05-24T15:04:20","slug":"sabores-da-minha-historia","status":"publish","type":"page","link":"https:\/\/carolgalindo.com.br\/site\/sabores-da-minha-historia\/","title":{"rendered":"Sabores da Minha Hist\u00f3ria"},"content":{"rendered":"<div class=\"col-md-12\" style=\"text-align: center;\"><img loading=\"lazy\" decoding=\"async\" width=\"1920\" height=\"500\" class=\"alignnone wp-image-349 size-full\" src=\"https:\/\/carolgalindo.com.br\/site\/wp-content\/uploads\/2019\/05\/51053522_2201836886546094_3700042840068325376_n.jpg\" alt=\"\" style=\"padding-bottom: 10px;\" srcset=\"https:\/\/carolgalindo.com.br\/site\/wp-content\/uploads\/2019\/05\/51053522_2201836886546094_3700042840068325376_n.jpg 1920w, https:\/\/carolgalindo.com.br\/site\/wp-content\/uploads\/2019\/05\/51053522_2201836886546094_3700042840068325376_n-300x78.jpg 300w, https:\/\/carolgalindo.com.br\/site\/wp-content\/uploads\/2019\/05\/51053522_2201836886546094_3700042840068325376_n-768x200.jpg 768w, https:\/\/carolgalindo.com.br\/site\/wp-content\/uploads\/2019\/05\/51053522_2201836886546094_3700042840068325376_n-1024x267.jpg 1024w\" sizes=\"auto, (max-width: 1920px) 100vw, 1920px\" \/><\/div>\n<h2 style=\"text-align: center;\">&#8220;Uma noite rom\u00e2ntica em um lugar lindo, com boa comida e \u00f3tima companhia: essa \u00e9 a proposta do <strong>Sabores da Minha Hist\u00f3ria<\/strong>, um jantar comemorativo na noite dos namorados, com um card\u00e1pio autoral que representa e conta um pouco dos sabores da minha hist\u00f3ria na gastronomia.&#8221;<\/h2>\n<hr \/>\n<div class=\"container\">\n<div class=\"row\">\n<div class=\"col-md-8\">\n<p><strong>Valor do convite casal:<\/strong> R$ 259,60<br \/>\n<strong>Quando:<\/strong> 12\/06\/2019 (quarta-feira)<br \/>\n<strong>Onde:<\/strong> <a href=\"http:\/\/www.cantosdamata.com.br\/\">Cantos da Mata<\/a> &#8211;\u00a0Estrada Santa Rita, 450 &#8211; Mogi das Cruzes \u2013 SP<br \/>\n<strong>Hor\u00e1rio:<\/strong> a partir das 19h30<\/p>\n<hr \/>\n<h2>Confira o card\u00e1pio:<\/h2>\n<p><strong>Bebida-<\/strong> Ta\u00e7a de espumante de boas-vindas<\/p>\n<p><strong>Prato 1-<\/strong> Carpaccio de pupunha com pesto de capuchinha<\/p>\n<p><strong>Prato 2-<\/strong> Tuile e polenta, frango e quiabo defumado<\/p>\n<p><strong>Prato 3-<\/strong> Velout\u00e9 de feij\u00e3o verde com carne seca e picles de lim\u00e3o cravo<\/p>\n<p><strong>Prato 4-<\/strong> Nhoque de Ab\u00f3bora com Camar\u00e3o e Espuma de Leite de Coco e Coentro<\/p>\n<p><strong>Prato 5-<\/strong> Peixe branco selado em folha de bananeira com pur\u00ea de banana da terra e caldo de cambuci<\/p>\n<p><strong>Sobremesa-<\/strong> Bolo de chocolate com pimenta, coulis de frutas vermelhas e creme azedo<\/p>\n<p><small>*Neste evento s\u00f3 trabalharemos com reservas e pagamentos antecipados. N\u00e3o haver\u00e1 convites a venda no local no dia.<\/small><\/p>\n<\/div>\n<div class=\"col-md-4\" style=\"background: #FF8000; border: 1px solid #FF0000; padding: 50px;\">\n<h2 style=\"text-align: center; color: #ffffff !important; \">FA\u00c7A SUA RESERVA<\/h2>\n\n<div class=\"wpcf7 no-js\" id=\"wpcf7-f334-o1\" lang=\"pt-BR\" dir=\"ltr\" data-wpcf7-id=\"334\">\n<div class=\"screen-reader-response\"><p role=\"status\" aria-live=\"polite\" aria-atomic=\"true\"><\/p> <ul><\/ul><\/div>\n<form action=\"\/site\/wp-json\/wp\/v2\/pages\/327#wpcf7-f334-o1\" method=\"post\" class=\"wpcf7-form init\" aria-label=\"Formul\u00e1rios de contato\" novalidate=\"novalidate\" data-status=\"init\">\n<fieldset class=\"hidden-fields-container\"><input type=\"hidden\" name=\"_wpcf7\" value=\"334\" \/><input type=\"hidden\" name=\"_wpcf7_version\" value=\"6.1.5\" \/><input type=\"hidden\" name=\"_wpcf7_locale\" value=\"pt_BR\" \/><input type=\"hidden\" name=\"_wpcf7_unit_tag\" value=\"wpcf7-f334-o1\" \/><input type=\"hidden\" name=\"_wpcf7_container_post\" value=\"0\" \/><input type=\"hidden\" name=\"_wpcf7_posted_data_hash\" value=\"\" \/>\n<\/fieldset>\n<div align=\"right\">\n\t<p><label><br \/>\n<span class=\"wpcf7-form-control-wrap\" data-name=\"your-name\"><input size=\"40\" maxlength=\"400\" class=\"wpcf7-form-control wpcf7-text wpcf7-validates-as-required custominput\" aria-required=\"true\" aria-invalid=\"false\" placeholder=\"Nome*\" value=\"\" type=\"text\" name=\"your-name\" \/><\/span><br \/>\n<\/label>\n\t<\/p>\n\t<p><label><br \/>\n<span class=\"wpcf7-form-control-wrap\" data-name=\"your-tel\"><input size=\"40\" maxlength=\"400\" class=\"wpcf7-form-control wpcf7-tel wpcf7-text wpcf7-validates-as-tel custominput\" aria-invalid=\"false\" placeholder=\"Telefone de contato\" value=\"\" type=\"tel\" name=\"your-tel\" \/><\/span><br \/>\n<\/label>\n\t<\/p>\n\t<p><label><br \/>\n<span class=\"wpcf7-form-control-wrap\" data-name=\"your-email\"><input size=\"40\" maxlength=\"400\" class=\"wpcf7-form-control wpcf7-email wpcf7-validates-as-required wpcf7-text wpcf7-validates-as-email custominput\" aria-required=\"true\" aria-invalid=\"false\" placeholder=\"E-mail de contato*\" value=\"\" type=\"email\" name=\"your-email\" \/><\/span><br \/>\n<\/label>\n\t<\/p>\n\t<p><input class=\"wpcf7-form-control wpcf7-submit has-spinner but but-ok\" type=\"submit\" value=\"Solicitar reserva\" \/>\n\t<\/p>\n<\/div><div class=\"wpcf7-response-output\" aria-hidden=\"true\"><\/div>\n<\/form>\n<\/div>\n\n<\/div>\n<\/div>\n<\/div>\n","protected":false},"excerpt":{"rendered":"<p>&#8220;Uma noite rom\u00e2ntica em um lugar lindo, com boa comida e \u00f3tima companhia: essa \u00e9 a proposta do Sabores da Minha Hist\u00f3ria, um jantar comemorativo na noite dos namorados, com um card\u00e1pio autoral que representa e conta um pouco dos sabores da minha hist\u00f3ria na gastronomia.&#8221; Valor do convite casal: R$ 259,60 Quando: 12\/06\/2019 (quarta-feira) [&hellip;]<\/p>\n","protected":false},"author":3,"featured_media":0,"parent":0,"menu_order":0,"comment_status":"closed","ping_status":"closed","template":"","meta":{"footnotes":""},"class_list":["post-327","page","type-page","status-publish","hentry"],"_links":{"self":[{"href":"https:\/\/carolgalindo.com.br\/site\/wp-json\/wp\/v2\/pages\/327","targetHints":{"allow":["GET"]}}],"collection":[{"href":"https:\/\/carolgalindo.com.br\/site\/wp-json\/wp\/v2\/pages"}],"about":[{"href":"https:\/\/carolgalindo.com.br\/site\/wp-json\/wp\/v2\/types\/page"}],"author":[{"embeddable":true,"href":"https:\/\/carolgalindo.com.br\/site\/wp-json\/wp\/v2\/users\/3"}],"replies":[{"embeddable":true,"href":"https:\/\/carolgalindo.com.br\/site\/wp-json\/wp\/v2\/comments?post=327"}],"version-history":[{"count":25,"href":"https:\/\/carolgalindo.com.br\/site\/wp-json\/wp\/v2\/pages\/327\/revisions"}],"predecessor-version":[{"id":356,"href":"https:\/\/carolgalindo.com.br\/site\/wp-json\/wp\/v2\/pages\/327\/revisions\/356"}],"wp:attachment":[{"href":"https:\/\/carolgalindo.com.br\/site\/wp-json\/wp\/v2\/media?parent=327"}],"curies":[{"name":"wp","href":"https:\/\/api.w.org\/{rel}","templated":true}]}}