{"id":34,"date":"2017-06-23T22:02:51","date_gmt":"2017-06-24T01:02:51","guid":{"rendered":"https:\/\/carolgalindo.com.br\/site\/?page_id=34"},"modified":"2018-01-04T22:09:07","modified_gmt":"2018-01-05T00:09:07","slug":"eventos","status":"publish","type":"page","link":"https:\/\/carolgalindo.com.br\/site\/eventos\/","title":{"rendered":"Eventos"},"content":{"rendered":"<p>Todo evento traz uma grande import\u00e2ncia em si mesmo. Um casamento, um encontro de amigos, um coquetel, o lan\u00e7amento daquele novo produto, enfim, sabemos que eventos s\u00e3o momentos de grande alegria e de compartilhar boas not\u00edcias.<\/p>\n<p>E compartilhar felicidade tem tudo a ver com compartilhar boa comida. Ent\u00e3o porque n\u00e3o fazer do card\u00e1pio do seu evento mais um momento memor\u00e1vel para seus convidados?<\/p>\n<p>Somos especializados em suporte gastron\u00f4mico para eventos corporativos e sociais: caf\u00e9 da manh\u00e3, coffe break, coquet\u00e9is, anivers\u00e1rios, casamentos e festas tem\u00e1ticas.<\/p>\n<div class=\"container\">\n<div class=\"row about_title\">\n<h2 class=\"handwrite\" align=\"center\">Por que contratar a <strong>Chef Carol Galindo?<\/strong><\/h2>\n<div class=\"col-md-8 text-justify wow fadeInRight animated\">\n<p class=\"about_us_p\">Eu estou no universo da gastronomia desde 2002. Nesse tempo acumulei experi\u00eancia trabalhando em renomados restaurantes e buffets de S\u00e3o Paulo, ministro aulas de culin\u00e1ria e confeitaria nas melhores escolas da regi\u00e3o, amo e respeito minha profiss\u00e3o.<\/p>\n<p class=\"about_us_p\">Unindo toda essa experi\u00eancia e amor \u00e0 uma infinita criatividade e bom gosto, com minha equipe oferecemos um card\u00e1pio personalizado e uma comida preparada de maneira artesanal e sem produtos industrializados, que fazem dessa mesma comida um outro ponto alto da sua festa.<\/p>\n<p class=\"about_us_p\">Voc\u00ea diz o que quer celebrar, minha equipe e eu entramos com boas ideias e excelente comida.<\/p>\n<\/div>\n<div class=\"col-md-4 text-center wow fadeInLeft animated\">\n<div id=\"attachment_170\" style=\"width: 246px\" class=\"wp-caption alignnone\"><img loading=\"lazy\" decoding=\"async\" aria-describedby=\"caption-attachment-170\" class=\"wp-image-170 size-medium\" src=\"https:\/\/carolgalindo.com.br\/site\/wp-content\/uploads\/2017\/06\/ChefeCarolGalindo-236x300.jpeg\" alt=\"Chef Carol Galindo\" width=\"236\" height=\"300\" srcset=\"https:\/\/carolgalindo.com.br\/site\/wp-content\/uploads\/2017\/06\/ChefeCarolGalindo-236x300.jpeg 236w, https:\/\/carolgalindo.com.br\/site\/wp-content\/uploads\/2017\/06\/ChefeCarolGalindo.jpeg 534w\" sizes=\"auto, (max-width: 236px) 100vw, 236px\" \/><p id=\"caption-attachment-170\" class=\"wp-caption-text\">Foto: Glaucia Paulino<\/p><\/div>\n<\/div>\n<\/div>\n<\/div>\n<div class=\"faixaimagens\">[metaslider id=93]<\/div>\n<div class=\"calltoaction\">\n<h3>Solicite um or\u00e7amento agora\u00a0mesmo e fa\u00e7a seu evento memor\u00e1vel para seus convidados!<\/h3>\n<p><a class=\"but but-ok but-large\" href=\"https:\/\/carolgalindo.com.br\/site\/orcamento\/\">Solicitar or\u00e7amento<\/a><\/p>\n<\/div>\n","protected":false},"excerpt":{"rendered":"<p>Todo evento traz uma grande import\u00e2ncia em si mesmo. Um casamento, um encontro de amigos, um coquetel, o lan\u00e7amento daquele novo produto, enfim, sabemos que eventos s\u00e3o momentos de grande alegria e de compartilhar boas not\u00edcias. E compartilhar felicidade tem tudo a ver com compartilhar boa comida. Ent\u00e3o porque n\u00e3o fazer do card\u00e1pio do seu [&hellip;]<\/p>\n","protected":false},"author":3,"featured_media":0,"parent":0,"menu_order":0,"comment_status":"closed","ping_status":"closed","template":"","meta":{"footnotes":""},"class_list":["post-34","page","type-page","status-publish","hentry"],"_links":{"self":[{"href":"https:\/\/carolgalindo.com.br\/site\/wp-json\/wp\/v2\/pages\/34","targetHints":{"allow":["GET"]}}],"collection":[{"href":"https:\/\/carolgalindo.com.br\/site\/wp-json\/wp\/v2\/pages"}],"about":[{"href":"https:\/\/carolgalindo.com.br\/site\/wp-json\/wp\/v2\/types\/page"}],"author":[{"embeddable":true,"href":"https:\/\/carolgalindo.com.br\/site\/wp-json\/wp\/v2\/users\/3"}],"replies":[{"embeddable":true,"href":"https:\/\/carolgalindo.com.br\/site\/wp-json\/wp\/v2\/comments?post=34"}],"version-history":[{"count":11,"href":"https:\/\/carolgalindo.com.br\/site\/wp-json\/wp\/v2\/pages\/34\/revisions"}],"predecessor-version":[{"id":305,"href":"https:\/\/carolgalindo.com.br\/site\/wp-json\/wp\/v2\/pages\/34\/revisions\/305"}],"wp:attachment":[{"href":"https:\/\/carolgalindo.com.br\/site\/wp-json\/wp\/v2\/media?parent=34"}],"curies":[{"name":"wp","href":"https:\/\/api.w.org\/{rel}","templated":true}]}}