{"id":36,"date":"2017-06-23T22:03:07","date_gmt":"2017-06-24T01:03:07","guid":{"rendered":"https:\/\/carolgalindo.com.br\/site\/?page_id=36"},"modified":"2017-07-22T15:01:22","modified_gmt":"2017-07-22T18:01:22","slug":"consultoria","status":"publish","type":"page","link":"https:\/\/carolgalindo.com.br\/site\/consultoria\/","title":{"rendered":"Consultoria Gastron\u00f4mica"},"content":{"rendered":"<p>Nosso servi\u00e7o de consultoria gastron\u00f4mica oferece assessoria t\u00e9cnica especializada para empresas do ramo de alimenta\u00e7\u00e3o, como restaurantes, lanchonetes e etc.<\/p>\n<p>Transferimos nosso <em>know-how<\/em> construindo card\u00e1pios personalizados eficientes e realizando o treinamento de funcion\u00e1rios. Tamb\u00e9m elaboramos ficha t\u00e9cnica dos pratos do seu estabelecimento com precifica\u00e7\u00e3o, permitindo melhor controle e padroniza\u00e7\u00e3o do servi\u00e7o. Al\u00e9m disso assessoramos sua empresa na aplica\u00e7\u00e3o de sistemas de comida pr\u00e9 pronta e sistema de aproveitamento de alimentos.<\/p>\n<p>Com nossa consultoria sua empresa deixa de depender da presen\u00e7a de um determinado funcion\u00e1rio que, se ficar doente por exemplo, compromete todo o servi\u00e7o do dia. Sua empresa tamb\u00e9m ter\u00e1 um servi\u00e7o mais limpo e padronizado, sendo poss\u00edvel implementar \u201co tempero da casa\u201d.<\/p>\n<p>Uma empresa mais bem estruturada, com servi\u00e7o bem definido e organizado torna-se uma empresa mais lucrativa e tamb\u00e9m com maior receptividade dos clientes.<\/p>\n<div class=\"calltoaction\">\n<h3>Se sua empresa est\u00e1 pronta para dar o pr\u00f3ximo passo para sua evolu\u00e7\u00e3o, solicite um or\u00e7amento agora\u00a0mesmo!<\/h3>\n<p><a class=\"but but-ok but-large\" href=\"https:\/\/carolgalindo.com.br\/site\/orcamento\/\">Solicitar or\u00e7amento<\/a>\n<\/div>\n","protected":false},"excerpt":{"rendered":"<p>Nosso servi\u00e7o de consultoria gastron\u00f4mica oferece assessoria t\u00e9cnica especializada para empresas do ramo de alimenta\u00e7\u00e3o, como restaurantes, lanchonetes e etc. Transferimos nosso know-how construindo card\u00e1pios personalizados eficientes e realizando o treinamento de funcion\u00e1rios. Tamb\u00e9m elaboramos ficha t\u00e9cnica dos pratos do seu estabelecimento com precifica\u00e7\u00e3o, permitindo melhor controle e padroniza\u00e7\u00e3o do servi\u00e7o. Al\u00e9m disso assessoramos sua [&hellip;]<\/p>\n","protected":false},"author":3,"featured_media":0,"parent":0,"menu_order":0,"comment_status":"closed","ping_status":"closed","template":"","meta":{"footnotes":""},"class_list":["post-36","page","type-page","status-publish","hentry"],"_links":{"self":[{"href":"https:\/\/carolgalindo.com.br\/site\/wp-json\/wp\/v2\/pages\/36","targetHints":{"allow":["GET"]}}],"collection":[{"href":"https:\/\/carolgalindo.com.br\/site\/wp-json\/wp\/v2\/pages"}],"about":[{"href":"https:\/\/carolgalindo.com.br\/site\/wp-json\/wp\/v2\/types\/page"}],"author":[{"embeddable":true,"href":"https:\/\/carolgalindo.com.br\/site\/wp-json\/wp\/v2\/users\/3"}],"replies":[{"embeddable":true,"href":"https:\/\/carolgalindo.com.br\/site\/wp-json\/wp\/v2\/comments?post=36"}],"version-history":[{"count":12,"href":"https:\/\/carolgalindo.com.br\/site\/wp-json\/wp\/v2\/pages\/36\/revisions"}],"predecessor-version":[{"id":169,"href":"https:\/\/carolgalindo.com.br\/site\/wp-json\/wp\/v2\/pages\/36\/revisions\/169"}],"wp:attachment":[{"href":"https:\/\/carolgalindo.com.br\/site\/wp-json\/wp\/v2\/media?parent=36"}],"curies":[{"name":"wp","href":"https:\/\/api.w.org\/{rel}","templated":true}]}}