{"id":65,"date":"2017-07-03T15:54:46","date_gmt":"2017-07-03T18:54:46","guid":{"rendered":"https:\/\/carolgalindo.com.br\/site\/?page_id=65"},"modified":"2017-07-03T16:15:17","modified_gmt":"2017-07-03T19:15:17","slug":"orcamento","status":"publish","type":"page","link":"https:\/\/carolgalindo.com.br\/site\/orcamento\/","title":{"rendered":"Or\u00e7amento"},"content":{"rendered":"<h2 style=\"text-align: center;\">Solicite seu or\u00e7amento agora mesmo.<\/h2>\n<p style=\"text-align: center;\"><em>Minha equipe responder\u00e1 o mais breve poss\u00edvel.<\/em><\/p>\n<hr \/>\n<div>\n<div class=\"wpcf7 no-js\" id=\"wpcf7-f63-o1\" lang=\"pt-BR\" dir=\"ltr\" data-wpcf7-id=\"63\">\n<div class=\"screen-reader-response\"><p role=\"status\" aria-live=\"polite\" aria-atomic=\"true\"><\/p> <ul><\/ul><\/div>\n<form action=\"\/site\/wp-json\/wp\/v2\/pages\/65#wpcf7-f63-o1\" method=\"post\" class=\"wpcf7-form init\" aria-label=\"Formul\u00e1rios de contato\" novalidate=\"novalidate\" data-status=\"init\">\n<fieldset class=\"hidden-fields-container\"><input type=\"hidden\" name=\"_wpcf7\" value=\"63\" \/><input type=\"hidden\" name=\"_wpcf7_version\" value=\"6.1.5\" \/><input type=\"hidden\" name=\"_wpcf7_locale\" value=\"pt_BR\" \/><input type=\"hidden\" name=\"_wpcf7_unit_tag\" value=\"wpcf7-f63-o1\" \/><input type=\"hidden\" name=\"_wpcf7_container_post\" value=\"0\" \/><input type=\"hidden\" name=\"_wpcf7_posted_data_hash\" value=\"\" \/>\n<\/fieldset>\n<div class=\"col-md-6\">\n\t<p><label> Informe seu nome (obrigat\u00f3rio)<br \/>\n<span class=\"wpcf7-form-control-wrap\" data-name=\"your-name\"><input size=\"40\" maxlength=\"400\" class=\"wpcf7-form-control wpcf7-text wpcf7-validates-as-required custominput\" aria-required=\"true\" aria-invalid=\"false\" value=\"\" type=\"text\" name=\"your-name\" \/><\/span> <\/label>\n\t<\/p>\n\t<p><label> Informe um e-mail (obrigat\u00f3rio)<br \/>\n<span class=\"wpcf7-form-control-wrap\" data-name=\"your-email\"><input size=\"40\" maxlength=\"400\" class=\"wpcf7-form-control wpcf7-email wpcf7-validates-as-required wpcf7-text wpcf7-validates-as-email custominput\" aria-required=\"true\" aria-invalid=\"false\" value=\"\" type=\"email\" name=\"your-email\" \/><\/span> <\/label>\n\t<\/p>\n\t<p><label> Informe um Telefone<br \/>\n<span class=\"wpcf7-form-control-wrap\" data-name=\"tel-848\"><input size=\"40\" maxlength=\"400\" class=\"wpcf7-form-control wpcf7-tel wpcf7-text wpcf7-validates-as-tel custominput\" aria-invalid=\"false\" value=\"\" type=\"tel\" name=\"tel-848\" \/><\/span> <\/label>\n\t<\/p>\n<\/div>\n<div class=\"col-md-6\">\n\t<p><label> Voc\u00ea precisa de um or\u00e7amento para qual servi\u00e7o?<br \/>\n<span class=\"wpcf7-form-control-wrap\" data-name=\"class:custominput\"><select class=\"wpcf7-form-control wpcf7-select\" aria-invalid=\"false\" name=\"class:custominput\"><option value=\"Aulas de Gastronomia\">Aulas de Gastronomia<\/option><option value=\"Consultoria\">Consultoria<\/option><option value=\"Eventos\">Eventos<\/option><\/select><\/span> <\/label>\n\t<\/p>\n\t<p><label> Descreva sua necessidade:<br \/>\n<span class=\"wpcf7-form-control-wrap\" data-name=\"your-message\"><textarea cols=\"40\" rows=\"10\" maxlength=\"2000\" class=\"wpcf7-form-control wpcf7-textarea custominput\" aria-invalid=\"false\" name=\"your-message\"><\/textarea><\/span> <\/label>\n\t<\/p>\n\t<p><input class=\"wpcf7-form-control wpcf7-submit has-spinner but but-ok\" type=\"submit\" value=\"Enviar\" \/>\n\t<\/p>\n<\/div><div class=\"wpcf7-response-output\" aria-hidden=\"true\"><\/div>\n<\/form>\n<\/div>\n<\/div>\n<p>&nbsp;<\/p>\n","protected":false},"excerpt":{"rendered":"<p>Solicite seu or\u00e7amento agora mesmo. Minha equipe responder\u00e1 o mais breve poss\u00edvel. &nbsp;<\/p>\n","protected":false},"author":3,"featured_media":0,"parent":0,"menu_order":0,"comment_status":"closed","ping_status":"closed","template":"","meta":{"footnotes":""},"class_list":["post-65","page","type-page","status-publish","hentry"],"_links":{"self":[{"href":"https:\/\/carolgalindo.com.br\/site\/wp-json\/wp\/v2\/pages\/65","targetHints":{"allow":["GET"]}}],"collection":[{"href":"https:\/\/carolgalindo.com.br\/site\/wp-json\/wp\/v2\/pages"}],"about":[{"href":"https:\/\/carolgalindo.com.br\/site\/wp-json\/wp\/v2\/types\/page"}],"author":[{"embeddable":true,"href":"https:\/\/carolgalindo.com.br\/site\/wp-json\/wp\/v2\/users\/3"}],"replies":[{"embeddable":true,"href":"https:\/\/carolgalindo.com.br\/site\/wp-json\/wp\/v2\/comments?post=65"}],"version-history":[{"count":5,"href":"https:\/\/carolgalindo.com.br\/site\/wp-json\/wp\/v2\/pages\/65\/revisions"}],"predecessor-version":[{"id":70,"href":"https:\/\/carolgalindo.com.br\/site\/wp-json\/wp\/v2\/pages\/65\/revisions\/70"}],"wp:attachment":[{"href":"https:\/\/carolgalindo.com.br\/site\/wp-json\/wp\/v2\/media?parent=65"}],"curies":[{"name":"wp","href":"https:\/\/api.w.org\/{rel}","templated":true}]}}